{"id":101,"date":"2020-03-26T21:48:24","date_gmt":"2020-03-26T21:48:24","guid":{"rendered":"http:\/\/www.espritvoyageurpsychologue.com\/?page_id=101"},"modified":"2020-07-23T02:41:16","modified_gmt":"2020-07-23T02:41:16","slug":"types-of-therapies","status":"publish","type":"page","link":"https:\/\/espritvoyageurpsychologue.com\/en\/types-of-therapies\/","title":{"rendered":"Types of Therapies"},"content":{"rendered":"<p><em>Nowadays there are several ways of looking at mental pathology, its origin and its management. There are several clinics, that is to say several ways to meet a patient, several ways to listen to him. We don\u2019t listen to the same thing according to theoretical standards. There are many ways to understand the origin of disorders and several ways to manage them<\/em>.<\/p>\n\n\n\n<p style=\"background-color:#f6c0ad;color:#ffffff\" class=\"has-text-color has-background has-large-font-size\">Integrative Psychotherapy<\/p>\n\n\n\n<hr class=\"wp-block-separator\"\/>\n\n\n\n<div class=\"wp-block-image is-style-default\"><figure class=\"alignleft size-large\"><a href=\"https:\/\/83oranges.com?wlpr_ref=r_doxakgnyr\" target=\"_blank\" rel=\"noopener noreferrer\"><img decoding=\"async\" loading=\"lazy\" width=\"866\" height=\"1024\" src=\"http:\/\/espritvoyageurpsychologue.com\/wp-content\/uploads\/2020\/05\/Screenshot-2019-11-26-at-10.38.07-AM-866x1024.png\" alt=\"\" class=\"wp-image-505\" srcset=\"https:\/\/espritvoyageurpsychologue.com\/wp-content\/uploads\/2020\/05\/Screenshot-2019-11-26-at-10.38.07-AM-866x1024.png 866w, https:\/\/espritvoyageurpsychologue.com\/wp-content\/uploads\/2020\/05\/Screenshot-2019-11-26-at-10.38.07-AM-600x709.png 600w, https:\/\/espritvoyageurpsychologue.com\/wp-content\/uploads\/2020\/05\/Screenshot-2019-11-26-at-10.38.07-AM-254x300.png 254w, https:\/\/espritvoyageurpsychologue.com\/wp-content\/uploads\/2020\/05\/Screenshot-2019-11-26-at-10.38.07-AM-768x908.png 768w, https:\/\/espritvoyageurpsychologue.com\/wp-content\/uploads\/2020\/05\/Screenshot-2019-11-26-at-10.38.07-AM.png 924w\" sizes=\"(max-width: 866px) 100vw, 866px\" \/><\/a><\/figure><\/div>\n\n\n\n<p>Trained in psychoanalysis, and also in other theoretical currents during my training, today my practice as a psychologist is said to be integrative. The psychotherapeutic work that I propose is an association between psychodynamic work, cognitive-behavioral work and psycho-corporeal work; Hence the name of integrative psychotherapy.\n\nIt is a question of taking into account being as a whole - the body, the emotions, the thought, the spirituality, the past, the present, the future - and for that I use several theoretical approaches for a taking into account. specific and adapted load.\n\n  It is also a state of mind, a desire for openness which will also include ancient cultures, yoga, meditation, artistic practice, to restore space to the body and creativity.&nbsp;<\/p>\n\n\n\n<p>It is a question of taking into account being as a whole - the body, the emotions, the thought, the spirituality, the past, the present, the future - and for that I use several theoretical approaches for a taking into account. specific and adapted load.\n\n  It is also a state of mind, a desire for openness which will also include ancient cultures, yoga, meditation, artistic practice, to restore space to the body and creativity.&nbsp;<\/p>\n\n\n\n<p>&nbsp;It is also a state of mind, a desire for openness which will also include ancient cultures, yoga, meditation, artistic practice, to restore space to the body and creativity.&nbsp;<\/p>\n\n\n\n<hr class=\"wp-block-separator\"\/>\n\n\n\n<p><strong>THE DIFFERENT THEORETICAL APPROACHES TO WHICH I REFER:<\/strong><\/p>\n\n\n\n<div class=\"wp-block-button\"><a class=\"wp-block-button__link has-background\" style=\"background-color:#a7bbd2\"> <strong>La<\/strong> <strong>Cognitive behavioral therapy (CBT)<\/strong><\/a><\/div>\n\n\n\n<p>It is a short therapy, scientifically validated, which aims to replace negative ideas and inappropriate behaviors with thoughts and reactions in line with reality. CBT helps to gradually overcome debilitating symptoms, such as: rites and checks, stress, depression, avoidance and inhibition, aggressive reactions, or distress that causes mental distress.\n\nCognitive behavioral therapy helps the person to better understand the negative thought patterns that cause psychic distress. In addition, a CBT aims to support the person in the acquisition of useful skills to face new difficulties.<\/p>\n\n\n\n<p>Cognitive behavioral therapy helps the person to better understand the negative thought patterns that cause psychic distress. In addition, a CBT aims to support the person in the acquisition of useful skills to face new difficulties.<\/p>\n\n\n\n<p>&nbsp;(<em>Source&nbsp;:&nbsp;<\/em><a href=\"http:\/\/www.psycom.org\/\"><em>www.psycom.org<\/em><\/a><em>)<\/em><\/p>\n\n\n\n<p><\/p>\n\n\n\n<div class=\"wp-block-button\"><a class=\"wp-block-button__link has-background\" style=\"background-color:#a7bbd2\"><strong>Approche<\/strong> <strong>ph\u00e9nom\u00e9nologique<\/strong> <\/a><\/div>\n\n\n\n<p>In phenomenology we are interested in the human experience which is that of being in relation to the world and to others.<\/p>\n\n\n\n<p>We are then interested in what we call the presence of being.&nbsp;<\/p>\n\n\n\n<p>What interests me particularly in this approach is its inscription in the present time because it is the time when presence is deployed.<\/p>\n\n\n\n<p>Maurice Merleau-Ponty \u00e9crivait dans Ph\u00e9nom\u00e9nologie de la perception&nbsp;: <\/p>\n\n\n\n<blockquote class=\"wp-block-quote\"><p><em>\u00catre corps, c&#8217;est \u00eatre nou\u00e9 \u00e0 un certain monde [&#8230;] notre corps n&#8217;est pas d&#8217;abord dans l&#8217;espace&nbsp;: il est \u00e0 l&#8217;espace<\/em>&nbsp;&nbsp;<\/p><\/blockquote>\n\n\n\n<p>The work focuses on the experience lived in the present time.<\/p>\n\n\n\n<div class=\"wp-block-image is-style-default\"><figure class=\"alignright size-large\"><a href=\"https:\/\/83oranges.com?wlpr_ref=r_doxakgnyr\" target=\"_blank\" rel=\"noopener noreferrer\"><img decoding=\"async\" loading=\"lazy\" width=\"820\" height=\"1024\" src=\"http:\/\/espritvoyageurpsychologue.com\/wp-content\/uploads\/2020\/05\/Screenshot-2019-11-26-at-11.17.33-AM-820x1024.png\" alt=\"\" class=\"wp-image-542\" srcset=\"https:\/\/espritvoyageurpsychologue.com\/wp-content\/uploads\/2020\/05\/Screenshot-2019-11-26-at-11.17.33-AM-820x1024.png 820w, https:\/\/espritvoyageurpsychologue.com\/wp-content\/uploads\/2020\/05\/Screenshot-2019-11-26-at-11.17.33-AM-600x749.png 600w, https:\/\/espritvoyageurpsychologue.com\/wp-content\/uploads\/2020\/05\/Screenshot-2019-11-26-at-11.17.33-AM-240x300.png 240w, https:\/\/espritvoyageurpsychologue.com\/wp-content\/uploads\/2020\/05\/Screenshot-2019-11-26-at-11.17.33-AM-768x959.png 768w, https:\/\/espritvoyageurpsychologue.com\/wp-content\/uploads\/2020\/05\/Screenshot-2019-11-26-at-11.17.33-AM.png 874w\" sizes=\"(max-width: 820px) 100vw, 820px\" \/><\/a><\/figure><\/div>\n\n\n\n<p>To give a place to the sensations of the body and to visit this deep feeling of existing, art therapy, hypnosis or even meditation are some of the bodily tools that I can use to set the body in motion. body and experiencing bodily sensations.<\/p>\n\n\n\n<p>Il s\u2019agit d\u2019\u00e9tablir ce lien entre corps et psych\u00e9.&nbsp; Le travail porte sur l\u2019exp\u00e9rience v\u00e9cue dans le temps pr\u00e9sent.<\/p>\n\n\n\n<p>This way of thinking specific to clinical phenomenology inspires my work as a psychologist to reinstate the bodily dimension of being. It is articulated with cognitive behavioral therapies which offer a panel of tools allowing the patient to take an active part in his therapy and, paradoxically, it is articulated with the psychoanalytic approach which allows to think about lived history and past.<\/p>\n\n\n\n<p>To undertake psychoanalysis is to undertake an exploration of one's psychic life. It\u2019s a long, word-based job.&nbsp;<\/p>\n\n\n\n<div class=\"wp-block-button\"><a class=\"wp-block-button__link has-background\" style=\"background-color:#a7bbd2\"><strong>Psychoanalysis<\/strong><\/a><\/div>\n\n\n\n<p>Sigmund Freud is at the origin of the creation of psychoanalysis which is for him both a method of investigating the psyche but also the creation of a new theory in which he tries to explain the mechanisms of the unconscious and its links with the conscious. Freud is known to be the creator of psychoanalysis and the analytic cure, although others have actively participated in it. The psychoanalytic consensus has continued to evolve, dividing into several currents and today psychoanalytic treatment no longer presents itself in the same way as in Freud's time.&nbsp;<\/p>\n\n\n\n<p>When you undertake psychoanalysis you go in search of what animates your unconscious. Our unconscious is capable of remembering distant memories and a whole set of information to which we no longer have access.&nbsp;<\/p>\n\n\n\n<p>How was it possible to define the existence of the unconscious, if we do not have access to it?<\/p>\n\n\n\n<p>The subconscious is not that airtight! Our dreams, for example, are a path to the unconscious. But also the slip and the missed acts.&nbsp;<\/p>\n\n\n\n<p>The analyst\u2019s job is to guide the patient in a review of their history, to give it a new and updated meaning in relation to their explorations of the unconscious.<\/p>\n\n\n\n<p>A psychologist can work with a so-called psychodynamic psychoanalytic approach, to understand and hear the patient's speech in conjunction with one of the two other approaches mentioned above, or both. Instead of opposing, I believe these approaches complement each other.<\/p>\n\n\n\n<p>I consider that the effects of verbal and analytical therapy will be all the more important if this is accompanied by therapy involving the emotional, cognitive and bodily spheres.&nbsp;<\/p>\n\n\n\n<div class=\"wp-block-image is-style-default\"><figure class=\"aligncenter size-large\"><a href=\"https:\/\/espritvoyageurpsychologue.com\/en83oranges.com?wlpr_ref=r_doxakgnyr(opens in a new tab)\" target=\"_blank\" rel=\"noopener noreferrer\"><img decoding=\"async\" loading=\"lazy\" width=\"1024\" height=\"1008\" src=\"http:\/\/espritvoyageurpsychologue.com\/wp-content\/uploads\/2020\/05\/Screenshot-2019-11-26-at-10.34.37-AM-1024x1008.png\" alt=\"\" class=\"wp-image-507\" srcset=\"https:\/\/espritvoyageurpsychologue.com\/wp-content\/uploads\/2020\/05\/Screenshot-2019-11-26-at-10.34.37-AM-1024x1008.png 1024w, https:\/\/espritvoyageurpsychologue.com\/wp-content\/uploads\/2020\/05\/Screenshot-2019-11-26-at-10.34.37-AM-600x591.png 600w, https:\/\/espritvoyageurpsychologue.com\/wp-content\/uploads\/2020\/05\/Screenshot-2019-11-26-at-10.34.37-AM-300x295.png 300w, https:\/\/espritvoyageurpsychologue.com\/wp-content\/uploads\/2020\/05\/Screenshot-2019-11-26-at-10.34.37-AM-768x756.png 768w, https:\/\/espritvoyageurpsychologue.com\/wp-content\/uploads\/2020\/05\/Screenshot-2019-11-26-at-10.34.37-AM.png 1091w\" sizes=\"(max-width: 1024px) 100vw, 1024px\" \/><\/a><\/figure><\/div>\n\n\n\n<p><strong>THE THERAPEUTIC TOOLS OFFERED ARE:<\/strong><\/p>\n\n\n\n<div class=\"is-layout-flow wp-block-group has-background\" style=\"background-color:#f6c0ad\"><div class=\"wp-block-group__inner-container\">\n<ul><li><strong>The interview<\/strong><\/li><li><strong>Art therapy<\/strong><\/li><li><strong>Mindfulness meditation<\/strong><\/li><li><strong>Ericksonian hypnosis&nbsp;<\/strong><\/li><li><strong>Speaking group<\/strong><\/li><li><strong>Coaching oral preparation or exam&nbsp;<\/strong><\/li><\/ul>\n<\/div><\/div>\n\n\n\n<hr class=\"wp-block-separator\"\/>\n\n\n\n<p>Header Photography by; Anne Delamarre<br>Illustrations by ;<br><a href=\"https:\/\/83oranges.com?wlpr_ref=r_doxakgnyr\">1. 83 Oranges Art Shop<br>2. 83 Oranges Art Shop<br>3. 83 Oranges Art Shop<\/a><\/p>","protected":false},"excerpt":{"rendered":"<p>De nos jours il existe plusieurs fa\u00e7ons d\u2019envisager la pathologie mentale, son origine et sa prise en charge. Il existe plusieurs cliniques c\u2019est-\u00e0-dire plusieurs fa\u00e7ons de rencontrer un patient, plusieurs<a class=\"autoreadmore\" href=\"https:\/\/espritvoyageurpsychologue.com\/en\/types-of-therapies\/\" rel=\"nofollow\">Read More<\/a><\/p>","protected":false},"author":1,"featured_media":12,"parent":0,"menu_order":0,"comment_status":"closed","ping_status":"closed","template":"","meta":{"_genesis_hide_title":false,"_genesis_hide_breadcrumbs":false,"_genesis_hide_singular_image":false,"_genesis_custom_body_class":"","_genesis_custom_post_class":"","_genesis_layout":"","_price":"","_stock":"","_tribe_ticket_header":"","_tribe_default_ticket_provider":"","_tribe_ticket_capacity":"0","_ticket_start_date":"","_ticket_end_date":"","_tribe_ticket_show_description":"","_tribe_ticket_show_not_going":false,"_tribe_ticket_use_global_stock":"","_tribe_ticket_global_stock_level":"","_global_stock_mode":"","_global_stock_cap":"","_tribe_rsvp_for_event":"","_tribe_ticket_going_count":"","_tribe_ticket_not_going_count":"","_tribe_tickets_list":[],"_tribe_ticket_has_attendee_info_fields":false,"_EventAllDay":false,"_EventTimezone":"","_EventStartDate":"","_EventEndDate":"","_EventStartDateUTC":"","_EventEndDateUTC":"","_EventShowMap":false,"_EventShowMapLink":false,"_EventURL":"","_EventCost":"","_EventCostDescription":"","_EventCurrencySymbol":"","_EventCurrencyCode":"","_EventCurrencyPosition":"","_EventDateTimeSeparator":"","_EventTimeRangeSeparator":"","_EventOrganizerID":[],"_EventVenueID":0,"_OrganizerEmail":"","_OrganizerPhone":"","_OrganizerWebsite":"","_VenueAddress":"","_VenueCity":"","_VenueCountry":"","_VenueProvince":"","_VenueZip":"","_VenuePhone":"","_VenueURL":"","_VenueStateProvince":"","_VenueLat":"","_VenueLng":""},"yoast_head":"<!-- This site is optimized with the Yoast SEO plugin v19.3 - https:\/\/yoast.com\/wordpress\/plugins\/seo\/ -->\n<title>Psychoth\u00e9rapies - Esprit Voyageur Psychologue<\/title>\n<meta name=\"robots\" content=\"index, follow, max-snippet:-1, max-image-preview:large, max-video-preview:-1\" \/>\n<link rel=\"canonical\" href=\"https:\/\/espritvoyageurpsychologue.com\/en\/types-of-therapies\/\" \/>\n<meta property=\"og:locale\" content=\"en_US\" \/>\n<meta property=\"og:type\" content=\"article\" \/>\n<meta property=\"og:title\" content=\"Psychoth\u00e9rapies - Esprit Voyageur Psychologue\" \/>\n<meta property=\"og:description\" content=\"De nos jours il existe plusieurs fa\u00e7ons d\u2019envisager la pathologie mentale, son origine et sa prise en charge. Il existe plusieurs cliniques c\u2019est-\u00e0-dire plusieurs fa\u00e7ons de rencontrer un patient, plusieursRead More\" \/>\n<meta property=\"og:url\" content=\"https:\/\/espritvoyageurpsychologue.com\/en\/types-of-therapies\/\" \/>\n<meta property=\"og:site_name\" content=\"Esprit Voyageur Psychologue\" \/>\n<meta property=\"article:modified_time\" content=\"2020-07-23T02:41:16+00:00\" \/>\n<meta property=\"og:image\" content=\"https:\/\/espritvoyageurpsychologue.com\/wp-content\/uploads\/2020\/03\/201811WeekendCevennes-373.jpg\" \/>\n\t<meta property=\"og:image:width\" content=\"2080\" \/>\n\t<meta property=\"og:image:height\" content=\"1387\" \/>\n\t<meta property=\"og:image:type\" content=\"image\/jpeg\" \/>\n<meta name=\"twitter:card\" content=\"summary_large_image\" \/>\n<meta name=\"twitter:label1\" content=\"Est. reading time\" \/>\n\t<meta name=\"twitter:data1\" content=\"5 minutes\" \/>\n<script type=\"application\/ld+json\" class=\"yoast-schema-graph\">{\"@context\":\"https:\/\/schema.org\",\"@graph\":[{\"@type\":\"Organization\",\"@id\":\"https:\/\/espritvoyageurpsychologue.com\/en\/#organization\",\"name\":\"Esprit Voyageur Psychologue\",\"url\":\"https:\/\/espritvoyageurpsychologue.com\/en\/\",\"sameAs\":[],\"logo\":{\"@type\":\"ImageObject\",\"inLanguage\":\"en-US\",\"@id\":\"https:\/\/espritvoyageurpsychologue.com\/en\/#\/schema\/logo\/image\/\",\"url\":\"https:\/\/espritvoyageurpsychologue.com\/wp-content\/uploads\/2020\/03\/laurie6.png\",\"contentUrl\":\"https:\/\/espritvoyageurpsychologue.com\/wp-content\/uploads\/2020\/03\/laurie6.png\",\"width\":22497,\"height\":2100,\"caption\":\"Esprit Voyageur Psychologue\"},\"image\":{\"@id\":\"https:\/\/espritvoyageurpsychologue.com\/en\/#\/schema\/logo\/image\/\"}},{\"@type\":\"WebSite\",\"@id\":\"https:\/\/espritvoyageurpsychologue.com\/en\/#website\",\"url\":\"https:\/\/espritvoyageurpsychologue.com\/en\/\",\"name\":\"Esprit Voyageur Psychologue\",\"description\":\"Du voyage de l&#039;esprit, au voyage de l&#039;\u00e2me, en qu\u00eate de sens\",\"publisher\":{\"@id\":\"https:\/\/espritvoyageurpsychologue.com\/en\/#organization\"},\"potentialAction\":[{\"@type\":\"SearchAction\",\"target\":{\"@type\":\"EntryPoint\",\"urlTemplate\":\"https:\/\/espritvoyageurpsychologue.com\/en\/?s={search_term_string}\"},\"query-input\":\"required name=search_term_string\"}],\"inLanguage\":\"en-US\"},{\"@type\":\"ImageObject\",\"inLanguage\":\"en-US\",\"@id\":\"https:\/\/espritvoyageurpsychologue.com\/types-of-therapies\/#primaryimage\",\"url\":\"https:\/\/espritvoyageurpsychologue.com\/wp-content\/uploads\/2020\/03\/201811WeekendCevennes-373.jpg\",\"contentUrl\":\"https:\/\/espritvoyageurpsychologue.com\/wp-content\/uploads\/2020\/03\/201811WeekendCevennes-373.jpg\",\"width\":2080,\"height\":1387},{\"@type\":\"WebPage\",\"@id\":\"https:\/\/espritvoyageurpsychologue.com\/types-of-therapies\/\",\"url\":\"https:\/\/espritvoyageurpsychologue.com\/types-of-therapies\/\",\"name\":\"Psychoth\u00e9rapies - Esprit Voyageur Psychologue\",\"isPartOf\":{\"@id\":\"https:\/\/espritvoyageurpsychologue.com\/en\/#website\"},\"primaryImageOfPage\":{\"@id\":\"https:\/\/espritvoyageurpsychologue.com\/types-of-therapies\/#primaryimage\"},\"datePublished\":\"2020-03-26T21:48:24+00:00\",\"dateModified\":\"2020-07-23T02:41:16+00:00\",\"breadcrumb\":{\"@id\":\"https:\/\/espritvoyageurpsychologue.com\/types-of-therapies\/#breadcrumb\"},\"inLanguage\":\"en-US\",\"potentialAction\":[{\"@type\":\"ReadAction\",\"target\":[\"https:\/\/espritvoyageurpsychologue.com\/types-of-therapies\/\"]}]},{\"@type\":\"BreadcrumbList\",\"@id\":\"https:\/\/espritvoyageurpsychologue.com\/types-of-therapies\/#breadcrumb\",\"itemListElement\":[{\"@type\":\"ListItem\",\"position\":1,\"name\":\"Home\",\"item\":\"https:\/\/espritvoyageurpsychologue.com\/en\/\"},{\"@type\":\"ListItem\",\"position\":2,\"name\":\"Psychoth\u00e9rapies\"}]}]}<\/script>\n<!-- \/ Yoast SEO plugin. -->","yoast_head_json":{"title":"Psychoth\u00e9rapies - Esprit Voyageur Psychologue","robots":{"index":"index","follow":"follow","max-snippet":"max-snippet:-1","max-image-preview":"max-image-preview:large","max-video-preview":"max-video-preview:-1"},"canonical":"https:\/\/espritvoyageurpsychologue.com\/en\/types-of-therapies\/","og_locale":"en_US","og_type":"article","og_title":"Psychoth\u00e9rapies - Esprit Voyageur Psychologue","og_description":"De nos jours il existe plusieurs fa\u00e7ons d\u2019envisager la pathologie mentale, son origine et sa prise en charge. Il existe plusieurs cliniques c\u2019est-\u00e0-dire plusieurs fa\u00e7ons de rencontrer un patient, plusieursRead More","og_url":"https:\/\/espritvoyageurpsychologue.com\/en\/types-of-therapies\/","og_site_name":"Esprit Voyageur Psychologue","article_modified_time":"2020-07-23T02:41:16+00:00","og_image":[{"width":2080,"height":1387,"url":"https:\/\/espritvoyageurpsychologue.com\/wp-content\/uploads\/2020\/03\/201811WeekendCevennes-373.jpg","type":"image\/jpeg"}],"twitter_card":"summary_large_image","twitter_misc":{"Est. reading time":"5 minutes"},"schema":{"@context":"https:\/\/schema.org","@graph":[{"@type":"Organization","@id":"https:\/\/espritvoyageurpsychologue.com\/en\/#organization","name":"Esprit Voyageur Psychologue","url":"https:\/\/espritvoyageurpsychologue.com\/en\/","sameAs":[],"logo":{"@type":"ImageObject","inLanguage":"en-US","@id":"https:\/\/espritvoyageurpsychologue.com\/en\/#\/schema\/logo\/image\/","url":"https:\/\/espritvoyageurpsychologue.com\/wp-content\/uploads\/2020\/03\/laurie6.png","contentUrl":"https:\/\/espritvoyageurpsychologue.com\/wp-content\/uploads\/2020\/03\/laurie6.png","width":22497,"height":2100,"caption":"Esprit Voyageur Psychologue"},"image":{"@id":"https:\/\/espritvoyageurpsychologue.com\/en\/#\/schema\/logo\/image\/"}},{"@type":"WebSite","@id":"https:\/\/espritvoyageurpsychologue.com\/en\/#website","url":"https:\/\/espritvoyageurpsychologue.com\/en\/","name":"Esprit Voyageur Psychologue","description":"Du voyage de l&#039;esprit, au voyage de l&#039;\u00e2me, en qu\u00eate de sens","publisher":{"@id":"https:\/\/espritvoyageurpsychologue.com\/en\/#organization"},"potentialAction":[{"@type":"SearchAction","target":{"@type":"EntryPoint","urlTemplate":"https:\/\/espritvoyageurpsychologue.com\/en\/?s={search_term_string}"},"query-input":"required name=search_term_string"}],"inLanguage":"en-US"},{"@type":"ImageObject","inLanguage":"en-US","@id":"https:\/\/espritvoyageurpsychologue.com\/types-of-therapies\/#primaryimage","url":"https:\/\/espritvoyageurpsychologue.com\/wp-content\/uploads\/2020\/03\/201811WeekendCevennes-373.jpg","contentUrl":"https:\/\/espritvoyageurpsychologue.com\/wp-content\/uploads\/2020\/03\/201811WeekendCevennes-373.jpg","width":2080,"height":1387},{"@type":"WebPage","@id":"https:\/\/espritvoyageurpsychologue.com\/types-of-therapies\/","url":"https:\/\/espritvoyageurpsychologue.com\/types-of-therapies\/","name":"Psychoth\u00e9rapies - Esprit Voyageur Psychologue","isPartOf":{"@id":"https:\/\/espritvoyageurpsychologue.com\/en\/#website"},"primaryImageOfPage":{"@id":"https:\/\/espritvoyageurpsychologue.com\/types-of-therapies\/#primaryimage"},"datePublished":"2020-03-26T21:48:24+00:00","dateModified":"2020-07-23T02:41:16+00:00","breadcrumb":{"@id":"https:\/\/espritvoyageurpsychologue.com\/types-of-therapies\/#breadcrumb"},"inLanguage":"en-US","potentialAction":[{"@type":"ReadAction","target":["https:\/\/espritvoyageurpsychologue.com\/types-of-therapies\/"]}]},{"@type":"BreadcrumbList","@id":"https:\/\/espritvoyageurpsychologue.com\/types-of-therapies\/#breadcrumb","itemListElement":[{"@type":"ListItem","position":1,"name":"Home","item":"https:\/\/espritvoyageurpsychologue.com\/en\/"},{"@type":"ListItem","position":2,"name":"Psychoth\u00e9rapies"}]}]}},"_links":{"self":[{"href":"https:\/\/espritvoyageurpsychologue.com\/en\/wp-json\/wp\/v2\/pages\/101"}],"collection":[{"href":"https:\/\/espritvoyageurpsychologue.com\/en\/wp-json\/wp\/v2\/pages"}],"about":[{"href":"https:\/\/espritvoyageurpsychologue.com\/en\/wp-json\/wp\/v2\/types\/page"}],"author":[{"embeddable":true,"href":"https:\/\/espritvoyageurpsychologue.com\/en\/wp-json\/wp\/v2\/users\/1"}],"replies":[{"embeddable":true,"href":"https:\/\/espritvoyageurpsychologue.com\/en\/wp-json\/wp\/v2\/comments?post=101"}],"version-history":[{"count":22,"href":"https:\/\/espritvoyageurpsychologue.com\/en\/wp-json\/wp\/v2\/pages\/101\/revisions"}],"predecessor-version":[{"id":844,"href":"https:\/\/espritvoyageurpsychologue.com\/en\/wp-json\/wp\/v2\/pages\/101\/revisions\/844"}],"wp:featuredmedia":[{"embeddable":true,"href":"https:\/\/espritvoyageurpsychologue.com\/en\/wp-json\/wp\/v2\/media\/12"}],"wp:attachment":[{"href":"https:\/\/espritvoyageurpsychologue.com\/en\/wp-json\/wp\/v2\/media?parent=101"}],"curies":[{"name":"wp","href":"https:\/\/api.w.org\/{rel}","templated":true}]}}