{"id":328,"date":"2020-04-22T22:30:35","date_gmt":"2020-04-22T22:30:35","guid":{"rendered":"http:\/\/espritvoyageurpsychologue.com\/?page_id=328"},"modified":"2025-02-05T18:54:16","modified_gmt":"2025-02-05T18:54:16","slug":"introduction","status":"publish","type":"page","link":"https:\/\/espritvoyageurpsychologue.com\/en\/introduction\/","title":{"rendered":"comment je travaille"},"content":{"rendered":"<p><\/p>\n\n\n\n<div class=\"is-layout-flow wp-block-group has-background\" style=\"background-color:#f9e5d8\"><div class=\"wp-block-group__inner-container\">\n<p class=\"has-text-align-center has-text-color\" style=\"color:#f9fdff;font-size:28px\"><strong>&nbsp;What if you started to walk towards happiness?&nbsp;<\/strong><\/p>\n<\/div><\/div>\n\n\n\n<blockquote class=\"wp-block-quote\">\n<p><strong><em>You have all the resources in you, the therapy will help you recognize and activate them.<\/em><\/strong><\/p>\n<\/blockquote>\n\n\n\n<p>Meeting a psychologist is a first, courageous, sometimes difficult act that signifies your desire for change. The demands can be of different natures, ranging from the need to take stock of one's life or relieve a discomfort, to the need to free oneself from a weight which prevents one from flourishing freely. This meeting will give rise to ad hoc support, individual psychotherapy, or even participation in group workshops.&nbsp;<\/p>\n\n\n\n<p>Ma pratique s\u2019adresse \u00e0 tous les adultes et jeune adultes.<\/p>\n\n\n\n<p>Dans ce cabinet sont  accueillis les adolescents \u00e0 partir de 17 ans et les adultes qui \u00e0 un moment de leur vie rencontrent une difficult\u00e9 particuli\u00e8re, s\u2019interrogent et se questionnent ou ont besoin de surmonter une souffrance particuli\u00e8re. Il s\u2019agit d\u2019un travail, possible \u00e0 tous les \u00e2ges de la vie, qui marquera une \u00e9tape importante dans votre d\u00e9veloppement personnel et sur votre chemin vers la r\u00e9alisation de votre d\u00e9sir de bien-\u00eatre.\u00a0Le travail avec les adolescents sera r\u00e9alis\u00e9 avec l&#8217;accord et en lien avec les parents.<\/p>\n\n\n\n<blockquote class=\"wp-block-quote\">\n<p><em>Happiness is water that takes on various forms that no form exhausts.<\/em><br><\/p>\n\n\n\n<p>&#8211;<em>Pascal Bruckner, The perpetual Euphoria.<\/em><\/p>\n<\/blockquote>\n\n\n\n<hr class=\"wp-block-separator has-css-opacity\"\/>\n\n\n\n<p>Well-being, the state to which we are vying for a very fashionable quest today, is not acquired in an instant. It is no less a question of achieving self-realization through the forms as diverse as we, the human being, can take in this world. Form is the expression of our existence.&nbsp;<\/p>\n\n\n\n<p>Coming to the psychologist is this thoughtful or spontaneous act that signifies your desire to think, to change, to get better or to take time for yourself. Temporality is an essential concept in therapy. Time will be your ally, and it is important to give yourself time to think. The temporality of the cabinet will have the particularity of stopping time, in this instant to itself; a beneficial break in this world in perpetual and incessant movement.&nbsp;<\/p>\n\n\n<div class=\"wp-block-image is-style-default\">\n<figure class=\"alignleft size-large is-resized\"><a href=\"https:\/\/83oranges.com?wlpr_ref=r_doxakgnyr\" target=\"_blank\" rel=\"noopener noreferrer\"><img decoding=\"async\" loading=\"lazy\" src=\"http:\/\/espritvoyageurpsychologue.com\/wp-content\/uploads\/2020\/05\/Screenshot-2019-11-26-at-11.05.04-AM-869x1024.png\" alt=\"\" class=\"wp-image-528\" width=\"516\" height=\"608\" srcset=\"https:\/\/espritvoyageurpsychologue.com\/wp-content\/uploads\/2020\/05\/Screenshot-2019-11-26-at-11.05.04-AM-869x1024.png 869w, https:\/\/espritvoyageurpsychologue.com\/wp-content\/uploads\/2020\/05\/Screenshot-2019-11-26-at-11.05.04-AM-600x707.png 600w, https:\/\/espritvoyageurpsychologue.com\/wp-content\/uploads\/2020\/05\/Screenshot-2019-11-26-at-11.05.04-AM-255x300.png 255w, https:\/\/espritvoyageurpsychologue.com\/wp-content\/uploads\/2020\/05\/Screenshot-2019-11-26-at-11.05.04-AM-768x905.png 768w, https:\/\/espritvoyageurpsychologue.com\/wp-content\/uploads\/2020\/05\/Screenshot-2019-11-26-at-11.05.04-AM.png 923w\" sizes=\"(max-width: 516px) 100vw, 516px\" \/><\/a><\/figure><\/div>\n\n\n<blockquote class=\"wp-block-quote\">\n<p><em>Time leads us astray, Time embraces us, Time is stationary for us, Time is train for us.<\/em><\/p>\n\n\n\n<p>-Jacques Pr\u00e9vert&nbsp;<\/p>\n<\/blockquote>\n\n\n\n<hr class=\"wp-block-separator has-css-opacity\"\/>\n\n\n\n<div class=\"is-layout-flow wp-block-group has-background\" style=\"background-color:#fef1e8\"><div class=\"wp-block-group__inner-container\">\n<p class=\"has-medium-font-size\"><strong>Exemples de motifs de consultation&nbsp;:&nbsp;<br><\/strong><br>This is a non-exhaustive list&nbsp;<\/p>\n\n\n\n<ul>\n<li><span style=\"font-size: 16px;\">&nbsp;Difficulties associated with anxiety (stress, panic attacks, phobias, anxiety ...)<\/span><\/li>\n\n\n\n<li>Managing emotions and stress<\/li>\n\n\n\n<li>Self-confidence, self-esteem, assertiveness, shyness&nbsp;<\/li>\n\n\n\n<li>Trauma<\/li>\n\n\n\n<li>Sleeping troubles<\/li>\n\n\n\n<li>Addictive behaviors<\/li>\n\n\n\n<li>D\u00e9pression, manque de motivation<\/li>\n\n\n\n<li>Burn out, \u00e9puisement professionnel<\/li>\n\n\n\n<li>Bereavement, separation, loss of job&nbsp;<\/li>\n\n\n\n<li>Eating disorders<\/li>\n\n\n\n<li>Relationship difficulties<\/li>\n\n\n\n<li>Academic or professional difficulties<\/li>\n\n\n\n<li>Reflection and work on oneself around existential questions<\/li>\n\n\n\n<li>Preparation for exams, competitions and oral exams&nbsp;<\/li>\n\n\n\n<li>Educational and vocational guidance or vocational reorientation<\/li>\n<\/ul>\n<\/div><\/div>\n\n\n<div class=\"wp-block-image\">\n<figure class=\"alignright size-large is-resized\"><img decoding=\"async\" loading=\"lazy\" src=\"http:\/\/espritvoyageurpsychologue.com\/wp-content\/uploads\/2022\/07\/20220417LaurieAnne-245-683x1024.jpg\" alt=\"\" class=\"wp-image-964\" width=\"-909\" height=\"-1363\" srcset=\"https:\/\/espritvoyageurpsychologue.com\/wp-content\/uploads\/2022\/07\/20220417LaurieAnne-245-683x1024.jpg 683w, https:\/\/espritvoyageurpsychologue.com\/wp-content\/uploads\/2022\/07\/20220417LaurieAnne-245-200x300.jpg 200w, https:\/\/espritvoyageurpsychologue.com\/wp-content\/uploads\/2022\/07\/20220417LaurieAnne-245-768x1152.jpg 768w, https:\/\/espritvoyageurpsychologue.com\/wp-content\/uploads\/2022\/07\/20220417LaurieAnne-245-1024x1536.jpg 1024w, https:\/\/espritvoyageurpsychologue.com\/wp-content\/uploads\/2022\/07\/20220417LaurieAnne-245-1366x2048.jpg 1366w, https:\/\/espritvoyageurpsychologue.com\/wp-content\/uploads\/2022\/07\/20220417LaurieAnne-245-8x12.jpg 8w, https:\/\/espritvoyageurpsychologue.com\/wp-content\/uploads\/2022\/07\/20220417LaurieAnne-245.jpg 1387w\" sizes=\"(max-width: 683px) 100vw, 683px\" \/><\/figure><\/div>\n\n\n<p>Ma pratique s\u2019adresse \u00e0 tous les adultes et jeunes adultes.<\/p>\n\n\n\n<p>J\u2019accueille les adolescents, \u00e0 partir de la classe de premi\u00e8re au lyc\u00e9e (16-17ans) et les adultes. Le travail  les adolescents sera r\u00e9alis\u00e9 avec l&#8217;accord et en lien avec les parents.<\/p>\n\n\n\n<blockquote class=\"wp-block-quote\">\n<p><em>The greatest good we do to other men is not to communicate our wealth to them, but to reveal theirs to them.<\/em><\/p>\n\n\n\n<p><em> &#8211; Louis Lavelle<\/em><\/p>\n<\/blockquote>\n\n\n\n<hr class=\"wp-block-separator has-css-opacity\"\/>\n\n\n\n<p>Header Photography by; Anne Delamarre<\/p>\n\n\n\n<p><\/p>","protected":false},"excerpt":{"rendered":"<p>&nbsp;Et si vous commenciez \u00e0 cheminer vers le bonheur&nbsp;?&nbsp; Vous avez toutes les ressources en vous, la th\u00e9rapie va vous aider \u00e0 les reconnaitre et les activer. Rencontrer un psychologue<a class=\"autoreadmore\" href=\"https:\/\/espritvoyageurpsychologue.com\/en\/introduction\/\" rel=\"nofollow\">Read More<\/a><\/p>","protected":false},"author":1,"featured_media":39,"parent":0,"menu_order":0,"comment_status":"closed","ping_status":"closed","template":"","meta":{"_genesis_hide_title":false,"_genesis_hide_breadcrumbs":false,"_genesis_hide_singular_image":false,"_genesis_custom_body_class":"","_genesis_custom_post_class":"","_genesis_layout":"","_price":"","_stock":"","_tribe_ticket_header":"","_tribe_default_ticket_provider":"","_tribe_ticket_capacity":"0","_ticket_start_date":"","_ticket_end_date":"","_tribe_ticket_show_description":"","_tribe_ticket_show_not_going":false,"_tribe_ticket_use_global_stock":"","_tribe_ticket_global_stock_level":"","_global_stock_mode":"","_global_stock_cap":"","_tribe_rsvp_for_event":"","_tribe_ticket_going_count":"","_tribe_ticket_not_going_count":"","_tribe_tickets_list":[],"_tribe_ticket_has_attendee_info_fields":false,"_EventAllDay":false,"_EventTimezone":"","_EventStartDate":"","_EventEndDate":"","_EventStartDateUTC":"","_EventEndDateUTC":"","_EventShowMap":false,"_EventShowMapLink":false,"_EventURL":"","_EventCost":"","_EventCostDescription":"","_EventCurrencySymbol":"","_EventCurrencyCode":"","_EventCurrencyPosition":"","_EventDateTimeSeparator":"","_EventTimeRangeSeparator":"","_EventOrganizerID":[],"_EventVenueID":0,"_OrganizerEmail":"","_OrganizerPhone":"","_OrganizerWebsite":"","_VenueAddress":"","_VenueCity":"","_VenueCountry":"","_VenueProvince":"","_VenueZip":"","_VenuePhone":"","_VenueURL":"","_VenueStateProvince":"","_VenueLat":"","_VenueLng":""},"yoast_head":"<!-- This site is optimized with the Yoast SEO plugin v19.3 - https:\/\/yoast.com\/wordpress\/plugins\/seo\/ -->\n<title>comment je travaille - Esprit Voyageur Psychologue<\/title>\n<meta name=\"robots\" content=\"index, follow, max-snippet:-1, max-image-preview:large, max-video-preview:-1\" \/>\n<link rel=\"canonical\" href=\"https:\/\/espritvoyageurpsychologue.com\/en\/introduction\/\" \/>\n<meta property=\"og:locale\" content=\"en_US\" \/>\n<meta property=\"og:type\" content=\"article\" \/>\n<meta property=\"og:title\" content=\"comment je travaille - Esprit Voyageur Psychologue\" \/>\n<meta property=\"og:description\" content=\"&nbsp;Et si vous commenciez \u00e0 cheminer vers le bonheur&nbsp;?&nbsp; Vous avez toutes les ressources en vous, la th\u00e9rapie va vous aider \u00e0 les reconnaitre et les activer. Rencontrer un psychologueRead More\" \/>\n<meta property=\"og:url\" content=\"https:\/\/espritvoyageurpsychologue.com\/en\/introduction\/\" \/>\n<meta property=\"og:site_name\" content=\"Esprit Voyageur Psychologue\" \/>\n<meta property=\"article:modified_time\" content=\"2025-02-05T18:54:16+00:00\" \/>\n<meta property=\"og:image\" content=\"https:\/\/espritvoyageurpsychologue.com\/wp-content\/uploads\/2020\/03\/20190525EmilieJulien-6.jpg\" \/>\n\t<meta property=\"og:image:width\" content=\"2080\" \/>\n\t<meta property=\"og:image:height\" content=\"1387\" \/>\n\t<meta property=\"og:image:type\" content=\"image\/jpeg\" \/>\n<meta name=\"twitter:card\" content=\"summary_large_image\" \/>\n<meta name=\"twitter:label1\" content=\"Est. reading time\" \/>\n\t<meta name=\"twitter:data1\" content=\"3 minutes\" \/>\n<script type=\"application\/ld+json\" class=\"yoast-schema-graph\">{\"@context\":\"https:\/\/schema.org\",\"@graph\":[{\"@type\":\"Organization\",\"@id\":\"https:\/\/espritvoyageurpsychologue.com\/en\/#organization\",\"name\":\"Esprit Voyageur Psychologue\",\"url\":\"https:\/\/espritvoyageurpsychologue.com\/en\/\",\"sameAs\":[],\"logo\":{\"@type\":\"ImageObject\",\"inLanguage\":\"en-US\",\"@id\":\"https:\/\/espritvoyageurpsychologue.com\/en\/#\/schema\/logo\/image\/\",\"url\":\"https:\/\/espritvoyageurpsychologue.com\/wp-content\/uploads\/2020\/03\/laurie6.png\",\"contentUrl\":\"https:\/\/espritvoyageurpsychologue.com\/wp-content\/uploads\/2020\/03\/laurie6.png\",\"width\":22497,\"height\":2100,\"caption\":\"Esprit Voyageur Psychologue\"},\"image\":{\"@id\":\"https:\/\/espritvoyageurpsychologue.com\/en\/#\/schema\/logo\/image\/\"}},{\"@type\":\"WebSite\",\"@id\":\"https:\/\/espritvoyageurpsychologue.com\/en\/#website\",\"url\":\"https:\/\/espritvoyageurpsychologue.com\/en\/\",\"name\":\"Esprit Voyageur Psychologue\",\"description\":\"Du voyage de l&#039;esprit, au voyage de l&#039;\u00e2me, en qu\u00eate de sens\",\"publisher\":{\"@id\":\"https:\/\/espritvoyageurpsychologue.com\/en\/#organization\"},\"potentialAction\":[{\"@type\":\"SearchAction\",\"target\":{\"@type\":\"EntryPoint\",\"urlTemplate\":\"https:\/\/espritvoyageurpsychologue.com\/en\/?s={search_term_string}\"},\"query-input\":\"required name=search_term_string\"}],\"inLanguage\":\"en-US\"},{\"@type\":\"ImageObject\",\"inLanguage\":\"en-US\",\"@id\":\"https:\/\/espritvoyageurpsychologue.com\/introduction\/#primaryimage\",\"url\":\"https:\/\/espritvoyageurpsychologue.com\/wp-content\/uploads\/2020\/03\/20190525EmilieJulien-6.jpg\",\"contentUrl\":\"https:\/\/espritvoyageurpsychologue.com\/wp-content\/uploads\/2020\/03\/20190525EmilieJulien-6.jpg\",\"width\":2080,\"height\":1387},{\"@type\":\"WebPage\",\"@id\":\"https:\/\/espritvoyageurpsychologue.com\/introduction\/\",\"url\":\"https:\/\/espritvoyageurpsychologue.com\/introduction\/\",\"name\":\"comment je travaille - Esprit Voyageur Psychologue\",\"isPartOf\":{\"@id\":\"https:\/\/espritvoyageurpsychologue.com\/en\/#website\"},\"primaryImageOfPage\":{\"@id\":\"https:\/\/espritvoyageurpsychologue.com\/introduction\/#primaryimage\"},\"datePublished\":\"2020-04-22T22:30:35+00:00\",\"dateModified\":\"2025-02-05T18:54:16+00:00\",\"breadcrumb\":{\"@id\":\"https:\/\/espritvoyageurpsychologue.com\/introduction\/#breadcrumb\"},\"inLanguage\":\"en-US\",\"potentialAction\":[{\"@type\":\"ReadAction\",\"target\":[\"https:\/\/espritvoyageurpsychologue.com\/introduction\/\"]}]},{\"@type\":\"BreadcrumbList\",\"@id\":\"https:\/\/espritvoyageurpsychologue.com\/introduction\/#breadcrumb\",\"itemListElement\":[{\"@type\":\"ListItem\",\"position\":1,\"name\":\"Home\",\"item\":\"https:\/\/espritvoyageurpsychologue.com\/en\/\"},{\"@type\":\"ListItem\",\"position\":2,\"name\":\"comment je travaille\"}]}]}<\/script>\n<!-- \/ Yoast SEO plugin. -->","yoast_head_json":{"title":"comment je travaille - Esprit Voyageur Psychologue","robots":{"index":"index","follow":"follow","max-snippet":"max-snippet:-1","max-image-preview":"max-image-preview:large","max-video-preview":"max-video-preview:-1"},"canonical":"https:\/\/espritvoyageurpsychologue.com\/en\/introduction\/","og_locale":"en_US","og_type":"article","og_title":"comment je travaille - Esprit Voyageur Psychologue","og_description":"&nbsp;Et si vous commenciez \u00e0 cheminer vers le bonheur&nbsp;?&nbsp; Vous avez toutes les ressources en vous, la th\u00e9rapie va vous aider \u00e0 les reconnaitre et les activer. Rencontrer un psychologueRead More","og_url":"https:\/\/espritvoyageurpsychologue.com\/en\/introduction\/","og_site_name":"Esprit Voyageur Psychologue","article_modified_time":"2025-02-05T18:54:16+00:00","og_image":[{"width":2080,"height":1387,"url":"https:\/\/espritvoyageurpsychologue.com\/wp-content\/uploads\/2020\/03\/20190525EmilieJulien-6.jpg","type":"image\/jpeg"}],"twitter_card":"summary_large_image","twitter_misc":{"Est. reading time":"3 minutes"},"schema":{"@context":"https:\/\/schema.org","@graph":[{"@type":"Organization","@id":"https:\/\/espritvoyageurpsychologue.com\/en\/#organization","name":"Esprit Voyageur Psychologue","url":"https:\/\/espritvoyageurpsychologue.com\/en\/","sameAs":[],"logo":{"@type":"ImageObject","inLanguage":"en-US","@id":"https:\/\/espritvoyageurpsychologue.com\/en\/#\/schema\/logo\/image\/","url":"https:\/\/espritvoyageurpsychologue.com\/wp-content\/uploads\/2020\/03\/laurie6.png","contentUrl":"https:\/\/espritvoyageurpsychologue.com\/wp-content\/uploads\/2020\/03\/laurie6.png","width":22497,"height":2100,"caption":"Esprit Voyageur Psychologue"},"image":{"@id":"https:\/\/espritvoyageurpsychologue.com\/en\/#\/schema\/logo\/image\/"}},{"@type":"WebSite","@id":"https:\/\/espritvoyageurpsychologue.com\/en\/#website","url":"https:\/\/espritvoyageurpsychologue.com\/en\/","name":"Esprit Voyageur Psychologue","description":"Du voyage de l&#039;esprit, au voyage de l&#039;\u00e2me, en qu\u00eate de sens","publisher":{"@id":"https:\/\/espritvoyageurpsychologue.com\/en\/#organization"},"potentialAction":[{"@type":"SearchAction","target":{"@type":"EntryPoint","urlTemplate":"https:\/\/espritvoyageurpsychologue.com\/en\/?s={search_term_string}"},"query-input":"required name=search_term_string"}],"inLanguage":"en-US"},{"@type":"ImageObject","inLanguage":"en-US","@id":"https:\/\/espritvoyageurpsychologue.com\/introduction\/#primaryimage","url":"https:\/\/espritvoyageurpsychologue.com\/wp-content\/uploads\/2020\/03\/20190525EmilieJulien-6.jpg","contentUrl":"https:\/\/espritvoyageurpsychologue.com\/wp-content\/uploads\/2020\/03\/20190525EmilieJulien-6.jpg","width":2080,"height":1387},{"@type":"WebPage","@id":"https:\/\/espritvoyageurpsychologue.com\/introduction\/","url":"https:\/\/espritvoyageurpsychologue.com\/introduction\/","name":"comment je travaille - Esprit Voyageur Psychologue","isPartOf":{"@id":"https:\/\/espritvoyageurpsychologue.com\/en\/#website"},"primaryImageOfPage":{"@id":"https:\/\/espritvoyageurpsychologue.com\/introduction\/#primaryimage"},"datePublished":"2020-04-22T22:30:35+00:00","dateModified":"2025-02-05T18:54:16+00:00","breadcrumb":{"@id":"https:\/\/espritvoyageurpsychologue.com\/introduction\/#breadcrumb"},"inLanguage":"en-US","potentialAction":[{"@type":"ReadAction","target":["https:\/\/espritvoyageurpsychologue.com\/introduction\/"]}]},{"@type":"BreadcrumbList","@id":"https:\/\/espritvoyageurpsychologue.com\/introduction\/#breadcrumb","itemListElement":[{"@type":"ListItem","position":1,"name":"Home","item":"https:\/\/espritvoyageurpsychologue.com\/en\/"},{"@type":"ListItem","position":2,"name":"comment je travaille"}]}]}},"_links":{"self":[{"href":"https:\/\/espritvoyageurpsychologue.com\/en\/wp-json\/wp\/v2\/pages\/328"}],"collection":[{"href":"https:\/\/espritvoyageurpsychologue.com\/en\/wp-json\/wp\/v2\/pages"}],"about":[{"href":"https:\/\/espritvoyageurpsychologue.com\/en\/wp-json\/wp\/v2\/types\/page"}],"author":[{"embeddable":true,"href":"https:\/\/espritvoyageurpsychologue.com\/en\/wp-json\/wp\/v2\/users\/1"}],"replies":[{"embeddable":true,"href":"https:\/\/espritvoyageurpsychologue.com\/en\/wp-json\/wp\/v2\/comments?post=328"}],"version-history":[{"count":52,"href":"https:\/\/espritvoyageurpsychologue.com\/en\/wp-json\/wp\/v2\/pages\/328\/revisions"}],"predecessor-version":[{"id":1005,"href":"https:\/\/espritvoyageurpsychologue.com\/en\/wp-json\/wp\/v2\/pages\/328\/revisions\/1005"}],"wp:featuredmedia":[{"embeddable":true,"href":"https:\/\/espritvoyageurpsychologue.com\/en\/wp-json\/wp\/v2\/media\/39"}],"wp:attachment":[{"href":"https:\/\/espritvoyageurpsychologue.com\/en\/wp-json\/wp\/v2\/media?parent=328"}],"curies":[{"name":"wp","href":"https:\/\/api.w.org\/{rel}","templated":true}]}}