{"id":668,"date":"2020-07-12T19:47:55","date_gmt":"2020-07-12T19:47:55","guid":{"rendered":"http:\/\/espritvoyageurpsychologue.com\/?page_id=668"},"modified":"2025-02-05T18:19:46","modified_gmt":"2025-02-05T18:19:46","slug":"hypnotherapy","status":"publish","type":"page","link":"https:\/\/espritvoyageurpsychologue.com\/en\/hypnotherapy\/","title":{"rendered":"Hypnotherapy"},"content":{"rendered":"<p>Hypnosis practitioner, Trained in Ericksonian hypnosis by the voice of hypnosis in Montpellier, I then offer hypnotherapy consultations. Hypnosis sessions can accompany your psychotherapy or you can come to the office only for hypnosis sessions.&nbsp;<\/p>\n\n\n<div class=\"wp-block-image is-style-default\">\n<figure class=\"alignleft size-large\"><a href=\"https:\/\/83oranges.com?wlpr_ref=r_doxakgnyr\" target=\"_blank\" rel=\"noopener noreferrer\"><img decoding=\"async\" loading=\"lazy\" width=\"634\" height=\"826\" src=\"http:\/\/espritvoyageurpsychologue.com\/wp-content\/uploads\/2020\/07\/distracted-signed.jpg\" alt=\"\" class=\"wp-image-819\" srcset=\"https:\/\/espritvoyageurpsychologue.com\/wp-content\/uploads\/2020\/07\/distracted-signed.jpg 634w, https:\/\/espritvoyageurpsychologue.com\/wp-content\/uploads\/2020\/07\/distracted-signed-230x300.jpg 230w, https:\/\/espritvoyageurpsychologue.com\/wp-content\/uploads\/2020\/07\/distracted-signed-600x782.jpg 600w\" sizes=\"(max-width: 634px) 100vw, 634px\" \/><\/a><\/figure><\/div>\n\n\n<p><strong><u>What is hypnosis ?<\/u><\/strong><\/p>\n\n\n\n<p>Ericksonian hypnosis is very different from what you see on a hypnosis show. During a hypnosis session it is about bringing you into a more or less deep hypnotic state which then allows you to come into contact with your unconscious and thus to work on unconscious processes. While spectacle hypnosis aims to entertain you by using the hypnotic state and directing the subject in a very directive manner to make him perform various spectacular actions. Ericksonian hypnosis, on the other hand, is very permissive and non-directive with the aim of helping the patient to recontact his unconscious resources.&nbsp;<\/p>\n\n\n\n<p>We have all experienced hypnotic states since hypnosis is above all a natural phenomenon. For example when we are lost in our thoughts fixing a point and that we do not realize the time which has passed. Often times at such times, if we are surrounded, someone will wave to us to bring us back to the present moment. Reverie is a natural hypnotic state.&nbsp;<\/p>\n\n\n\n<p>So hypnosis is an altered state of consciousness. The objective is to access unconscious processes allowing the patient a better understanding of a lived experience, of a difficulty. By addressing unconscious processes it is then possible to achieve changes in behavior, or to overcome a trauma, a difficulty in life, an internal conflict, or even anxiety among others. Hypnosis then makes unconscious resources accessible.&nbsp;&nbsp;<\/p>\n\n\n\n<p><strong><u>Ericksonian hypnosis&nbsp;<\/u><\/strong><\/p>\n\n\n\n<p>The peculiarity of Ericksonian hypnosis, created by Milton Erickson is based on adaptability, permissiveness and creativity. It is about fully adapting to the patient. Milton Erickson is guided by a core value: \u201cEvery person has all the resources they need within them. \"&nbsp;<\/p>\n\n\n\n<hr class=\"wp-block-separator has-css-opacity\"\/>\n\n\n\n<p>Illustrations by ;<\/p>\n\n\n\n<ol>\n<li><a href=\"https:\/\/83oranges.com?wlpr_ref=r_doxakgnyr\" target=\"_blank\" aria-label=\"undefined (opens in a new tab)\" rel=\"noreferrer noopener\">83 Oranges Art Shop<\/a><\/li>\n<\/ol>","protected":false},"excerpt":{"rendered":"<p>Praticienne en hypnose, Form\u00e9e \u00e0 l\u2019hypnose ericksonienne par la voix de l\u2019hypnose \u00e0 Montpellier je propose alors des consultations d\u2019hypnoth\u00e9rapie. Les s\u00e9ances d\u2019hypnose peuvent accompagner votre psychoth\u00e9rapie ou bien vous<a class=\"autoreadmore\" href=\"https:\/\/espritvoyageurpsychologue.com\/en\/hypnotherapy\/\" rel=\"nofollow\">Read More<\/a><\/p>","protected":false},"author":1,"featured_media":0,"parent":0,"menu_order":0,"comment_status":"closed","ping_status":"closed","template":"","meta":{"_genesis_hide_title":false,"_genesis_hide_breadcrumbs":false,"_genesis_hide_singular_image":false,"_genesis_custom_body_class":"","_genesis_custom_post_class":"","_genesis_layout":"","_price":"","_stock":"","_tribe_ticket_header":"","_tribe_default_ticket_provider":"","_tribe_ticket_capacity":"0","_ticket_start_date":"","_ticket_end_date":"","_tribe_ticket_show_description":"","_tribe_ticket_show_not_going":false,"_tribe_ticket_use_global_stock":"","_tribe_ticket_global_stock_level":"","_global_stock_mode":"","_global_stock_cap":"","_tribe_rsvp_for_event":"","_tribe_ticket_going_count":"","_tribe_ticket_not_going_count":"","_tribe_tickets_list":[],"_tribe_ticket_has_attendee_info_fields":false,"_EventAllDay":false,"_EventTimezone":"","_EventStartDate":"","_EventEndDate":"","_EventStartDateUTC":"","_EventEndDateUTC":"","_EventShowMap":false,"_EventShowMapLink":false,"_EventURL":"","_EventCost":"","_EventCostDescription":"","_EventCurrencySymbol":"","_EventCurrencyCode":"","_EventCurrencyPosition":"","_EventDateTimeSeparator":"","_EventTimeRangeSeparator":"","_EventOrganizerID":[],"_EventVenueID":0,"_OrganizerEmail":"","_OrganizerPhone":"","_OrganizerWebsite":"","_VenueAddress":"","_VenueCity":"","_VenueCountry":"","_VenueProvince":"","_VenueZip":"","_VenuePhone":"","_VenueURL":"","_VenueStateProvince":"","_VenueLat":"","_VenueLng":""},"yoast_head":"<!-- This site is optimized with the Yoast SEO plugin v19.3 - https:\/\/yoast.com\/wordpress\/plugins\/seo\/ -->\n<title>Hypnoth\u00e9rapie - Esprit Voyageur Psychologue<\/title>\n<meta name=\"robots\" content=\"index, follow, max-snippet:-1, max-image-preview:large, max-video-preview:-1\" \/>\n<link rel=\"canonical\" href=\"https:\/\/espritvoyageurpsychologue.com\/en\/hypnotherapy\/\" \/>\n<meta property=\"og:locale\" content=\"en_US\" \/>\n<meta property=\"og:type\" content=\"article\" \/>\n<meta property=\"og:title\" content=\"Hypnoth\u00e9rapie - Esprit Voyageur Psychologue\" \/>\n<meta property=\"og:description\" content=\"Praticienne en hypnose, Form\u00e9e \u00e0 l\u2019hypnose ericksonienne par la voix de l\u2019hypnose \u00e0 Montpellier je propose alors des consultations d\u2019hypnoth\u00e9rapie. Les s\u00e9ances d\u2019hypnose peuvent accompagner votre psychoth\u00e9rapie ou bien vousRead More\" \/>\n<meta property=\"og:url\" content=\"https:\/\/espritvoyageurpsychologue.com\/en\/hypnotherapy\/\" \/>\n<meta property=\"og:site_name\" content=\"Esprit Voyageur Psychologue\" \/>\n<meta property=\"article:modified_time\" content=\"2025-02-05T18:19:46+00:00\" \/>\n<meta property=\"og:image\" content=\"http:\/\/espritvoyageurpsychologue.com\/wp-content\/uploads\/2020\/07\/distracted-signed.jpg\" \/>\n<meta name=\"twitter:card\" content=\"summary_large_image\" \/>\n<meta name=\"twitter:label1\" content=\"Est. reading time\" \/>\n\t<meta name=\"twitter:data1\" content=\"2 minutes\" \/>\n<script type=\"application\/ld+json\" class=\"yoast-schema-graph\">{\"@context\":\"https:\/\/schema.org\",\"@graph\":[{\"@type\":\"Organization\",\"@id\":\"https:\/\/espritvoyageurpsychologue.com\/en\/#organization\",\"name\":\"Esprit Voyageur Psychologue\",\"url\":\"https:\/\/espritvoyageurpsychologue.com\/en\/\",\"sameAs\":[],\"logo\":{\"@type\":\"ImageObject\",\"inLanguage\":\"en-US\",\"@id\":\"https:\/\/espritvoyageurpsychologue.com\/en\/#\/schema\/logo\/image\/\",\"url\":\"https:\/\/espritvoyageurpsychologue.com\/wp-content\/uploads\/2020\/03\/laurie6.png\",\"contentUrl\":\"https:\/\/espritvoyageurpsychologue.com\/wp-content\/uploads\/2020\/03\/laurie6.png\",\"width\":22497,\"height\":2100,\"caption\":\"Esprit Voyageur Psychologue\"},\"image\":{\"@id\":\"https:\/\/espritvoyageurpsychologue.com\/en\/#\/schema\/logo\/image\/\"}},{\"@type\":\"WebSite\",\"@id\":\"https:\/\/espritvoyageurpsychologue.com\/en\/#website\",\"url\":\"https:\/\/espritvoyageurpsychologue.com\/en\/\",\"name\":\"Esprit Voyageur Psychologue\",\"description\":\"Du voyage de l&#039;esprit, au voyage de l&#039;\u00e2me, en qu\u00eate de sens\",\"publisher\":{\"@id\":\"https:\/\/espritvoyageurpsychologue.com\/en\/#organization\"},\"potentialAction\":[{\"@type\":\"SearchAction\",\"target\":{\"@type\":\"EntryPoint\",\"urlTemplate\":\"https:\/\/espritvoyageurpsychologue.com\/en\/?s={search_term_string}\"},\"query-input\":\"required name=search_term_string\"}],\"inLanguage\":\"en-US\"},{\"@type\":\"ImageObject\",\"inLanguage\":\"en-US\",\"@id\":\"https:\/\/espritvoyageurpsychologue.com\/hypnotherapy\/#primaryimage\",\"url\":\"http:\/\/espritvoyageurpsychologue.com\/wp-content\/uploads\/2020\/07\/distracted-signed.jpg\",\"contentUrl\":\"http:\/\/espritvoyageurpsychologue.com\/wp-content\/uploads\/2020\/07\/distracted-signed.jpg\"},{\"@type\":\"WebPage\",\"@id\":\"https:\/\/espritvoyageurpsychologue.com\/hypnotherapy\/\",\"url\":\"https:\/\/espritvoyageurpsychologue.com\/hypnotherapy\/\",\"name\":\"Hypnoth\u00e9rapie - Esprit Voyageur Psychologue\",\"isPartOf\":{\"@id\":\"https:\/\/espritvoyageurpsychologue.com\/en\/#website\"},\"primaryImageOfPage\":{\"@id\":\"https:\/\/espritvoyageurpsychologue.com\/hypnotherapy\/#primaryimage\"},\"datePublished\":\"2020-07-12T19:47:55+00:00\",\"dateModified\":\"2025-02-05T18:19:46+00:00\",\"breadcrumb\":{\"@id\":\"https:\/\/espritvoyageurpsychologue.com\/hypnotherapy\/#breadcrumb\"},\"inLanguage\":\"en-US\",\"potentialAction\":[{\"@type\":\"ReadAction\",\"target\":[\"https:\/\/espritvoyageurpsychologue.com\/hypnotherapy\/\"]}]},{\"@type\":\"BreadcrumbList\",\"@id\":\"https:\/\/espritvoyageurpsychologue.com\/hypnotherapy\/#breadcrumb\",\"itemListElement\":[{\"@type\":\"ListItem\",\"position\":1,\"name\":\"Home\",\"item\":\"https:\/\/espritvoyageurpsychologue.com\/en\/\"},{\"@type\":\"ListItem\",\"position\":2,\"name\":\"Hypnoth\u00e9rapie\"}]}]}<\/script>\n<!-- \/ Yoast SEO plugin. -->","yoast_head_json":{"title":"Hypnoth\u00e9rapie - Esprit Voyageur Psychologue","robots":{"index":"index","follow":"follow","max-snippet":"max-snippet:-1","max-image-preview":"max-image-preview:large","max-video-preview":"max-video-preview:-1"},"canonical":"https:\/\/espritvoyageurpsychologue.com\/en\/hypnotherapy\/","og_locale":"en_US","og_type":"article","og_title":"Hypnoth\u00e9rapie - Esprit Voyageur Psychologue","og_description":"Praticienne en hypnose, Form\u00e9e \u00e0 l\u2019hypnose ericksonienne par la voix de l\u2019hypnose \u00e0 Montpellier je propose alors des consultations d\u2019hypnoth\u00e9rapie. Les s\u00e9ances d\u2019hypnose peuvent accompagner votre psychoth\u00e9rapie ou bien vousRead More","og_url":"https:\/\/espritvoyageurpsychologue.com\/en\/hypnotherapy\/","og_site_name":"Esprit Voyageur Psychologue","article_modified_time":"2025-02-05T18:19:46+00:00","og_image":[{"url":"http:\/\/espritvoyageurpsychologue.com\/wp-content\/uploads\/2020\/07\/distracted-signed.jpg"}],"twitter_card":"summary_large_image","twitter_misc":{"Est. reading time":"2 minutes"},"schema":{"@context":"https:\/\/schema.org","@graph":[{"@type":"Organization","@id":"https:\/\/espritvoyageurpsychologue.com\/en\/#organization","name":"Esprit Voyageur Psychologue","url":"https:\/\/espritvoyageurpsychologue.com\/en\/","sameAs":[],"logo":{"@type":"ImageObject","inLanguage":"en-US","@id":"https:\/\/espritvoyageurpsychologue.com\/en\/#\/schema\/logo\/image\/","url":"https:\/\/espritvoyageurpsychologue.com\/wp-content\/uploads\/2020\/03\/laurie6.png","contentUrl":"https:\/\/espritvoyageurpsychologue.com\/wp-content\/uploads\/2020\/03\/laurie6.png","width":22497,"height":2100,"caption":"Esprit Voyageur Psychologue"},"image":{"@id":"https:\/\/espritvoyageurpsychologue.com\/en\/#\/schema\/logo\/image\/"}},{"@type":"WebSite","@id":"https:\/\/espritvoyageurpsychologue.com\/en\/#website","url":"https:\/\/espritvoyageurpsychologue.com\/en\/","name":"Esprit Voyageur Psychologue","description":"Du voyage de l&#039;esprit, au voyage de l&#039;\u00e2me, en qu\u00eate de sens","publisher":{"@id":"https:\/\/espritvoyageurpsychologue.com\/en\/#organization"},"potentialAction":[{"@type":"SearchAction","target":{"@type":"EntryPoint","urlTemplate":"https:\/\/espritvoyageurpsychologue.com\/en\/?s={search_term_string}"},"query-input":"required name=search_term_string"}],"inLanguage":"en-US"},{"@type":"ImageObject","inLanguage":"en-US","@id":"https:\/\/espritvoyageurpsychologue.com\/hypnotherapy\/#primaryimage","url":"http:\/\/espritvoyageurpsychologue.com\/wp-content\/uploads\/2020\/07\/distracted-signed.jpg","contentUrl":"http:\/\/espritvoyageurpsychologue.com\/wp-content\/uploads\/2020\/07\/distracted-signed.jpg"},{"@type":"WebPage","@id":"https:\/\/espritvoyageurpsychologue.com\/hypnotherapy\/","url":"https:\/\/espritvoyageurpsychologue.com\/hypnotherapy\/","name":"Hypnoth\u00e9rapie - Esprit Voyageur Psychologue","isPartOf":{"@id":"https:\/\/espritvoyageurpsychologue.com\/en\/#website"},"primaryImageOfPage":{"@id":"https:\/\/espritvoyageurpsychologue.com\/hypnotherapy\/#primaryimage"},"datePublished":"2020-07-12T19:47:55+00:00","dateModified":"2025-02-05T18:19:46+00:00","breadcrumb":{"@id":"https:\/\/espritvoyageurpsychologue.com\/hypnotherapy\/#breadcrumb"},"inLanguage":"en-US","potentialAction":[{"@type":"ReadAction","target":["https:\/\/espritvoyageurpsychologue.com\/hypnotherapy\/"]}]},{"@type":"BreadcrumbList","@id":"https:\/\/espritvoyageurpsychologue.com\/hypnotherapy\/#breadcrumb","itemListElement":[{"@type":"ListItem","position":1,"name":"Home","item":"https:\/\/espritvoyageurpsychologue.com\/en\/"},{"@type":"ListItem","position":2,"name":"Hypnoth\u00e9rapie"}]}]}},"_links":{"self":[{"href":"https:\/\/espritvoyageurpsychologue.com\/en\/wp-json\/wp\/v2\/pages\/668"}],"collection":[{"href":"https:\/\/espritvoyageurpsychologue.com\/en\/wp-json\/wp\/v2\/pages"}],"about":[{"href":"https:\/\/espritvoyageurpsychologue.com\/en\/wp-json\/wp\/v2\/types\/page"}],"author":[{"embeddable":true,"href":"https:\/\/espritvoyageurpsychologue.com\/en\/wp-json\/wp\/v2\/users\/1"}],"replies":[{"embeddable":true,"href":"https:\/\/espritvoyageurpsychologue.com\/en\/wp-json\/wp\/v2\/comments?post=668"}],"version-history":[{"count":6,"href":"https:\/\/espritvoyageurpsychologue.com\/en\/wp-json\/wp\/v2\/pages\/668\/revisions"}],"predecessor-version":[{"id":987,"href":"https:\/\/espritvoyageurpsychologue.com\/en\/wp-json\/wp\/v2\/pages\/668\/revisions\/987"}],"wp:attachment":[{"href":"https:\/\/espritvoyageurpsychologue.com\/en\/wp-json\/wp\/v2\/media?parent=668"}],"curies":[{"name":"wp","href":"https:\/\/api.w.org\/{rel}","templated":true}]}}