{"id":895,"date":"2020-12-22T14:20:00","date_gmt":"2020-12-22T14:20:00","guid":{"rendered":"http:\/\/espritvoyageurpsychologue.com\/?page_id=895"},"modified":"2022-07-23T10:44:05","modified_gmt":"2022-07-23T10:44:05","slug":"annee-2021","status":"publish","type":"page","link":"https:\/\/espritvoyageurpsychologue.com\/en\/annee-2021\/","title":{"rendered":"Ann\u00e9e 2021"},"content":{"rendered":"<blockquote class=\"wp-block-quote is-style-large\"><p><mark style=\"background-color:rgba(0, 0, 0, 0)\" class=\"has-inline-color has-pale-pink-color\">Pour pr\u00e9parer au mieux cette ann\u00e9e 2021, Prenez soin de vous !<\/mark><\/p><cite>Laurie-Anne <\/cite><\/blockquote>\n\n\n\n<figure class=\"wp-block-image size-large\"><img decoding=\"async\" loading=\"lazy\" width=\"1024\" height=\"1024\" src=\"http:\/\/espritvoyageurpsychologue.com\/wp-content\/uploads\/2020\/12\/IMG_1608578991765-1024x1024.png\" alt=\"\" class=\"wp-image-896\" srcset=\"https:\/\/espritvoyageurpsychologue.com\/wp-content\/uploads\/2020\/12\/IMG_1608578991765-1024x1024.png 1024w, https:\/\/espritvoyageurpsychologue.com\/wp-content\/uploads\/2020\/12\/IMG_1608578991765-300x300.png 300w, https:\/\/espritvoyageurpsychologue.com\/wp-content\/uploads\/2020\/12\/IMG_1608578991765-150x150.png 150w, https:\/\/espritvoyageurpsychologue.com\/wp-content\/uploads\/2020\/12\/IMG_1608578991765-768x768.png 768w, https:\/\/espritvoyageurpsychologue.com\/wp-content\/uploads\/2020\/12\/IMG_1608578991765-12x12.png 12w, https:\/\/espritvoyageurpsychologue.com\/wp-content\/uploads\/2020\/12\/IMG_1608578991765-500x500.png 500w, https:\/\/espritvoyageurpsychologue.com\/wp-content\/uploads\/2020\/12\/IMG_1608578991765.png 1080w\" sizes=\"(max-width: 1024px) 100vw, 1024px\" \/><\/figure>\n\n\n\n<p>Tout ces changements v\u00e9cus en 2020 vont laisser place \u00e0 un renouveau avec de nouveaux questionnements. Comment se sentir libre dans ce nouveau monde ? quelle place y  occuper ? comment surmonter les difficult\u00e9s affectives, financi\u00e8res, auxquelles nous devons faire face dans cette pand\u00e9mie ? comment repenser les relations sociales ? Quel sens donner \u00e0 sa vie lorsque nous venons de tout perdre, projet de vie, projet professionnel, activit\u00e9s pro et perso ? Nous nous retrouvons face \u00e0 tellement d&#8217;int\u00e9rrogations sur cet avenir incertain. <\/p>\n\n\n\n<blockquote class=\"wp-block-quote is-style-large\"><p><mark style=\"background-color:rgba(0, 0, 0, 0)\" class=\"has-inline-color has-pale-pink-color\">Pour cette ann\u00e9e 2021 soyons cr\u00e9atifs et aidons nous !<\/mark><\/p><cite>Laurie-Anne <\/cite><\/blockquote>\n\n\n\n<p>Nous avons tous la possibilit\u00e9 de vivre et de continuer \u00e0 vivre, de trouver des solutions, de se renouveler, d\u00e9couvrir de nouvelles  potentialit\u00e9s \u00e0 l&#8217;int\u00e9rieur de nous. <\/p>\n\n\n\n<p>vous avez la possibilit\u00e9 de cr\u00e9er votre nouvelle pr\u00e9sence en ce monde  et la possibilit\u00e9 aussi de vous faire aider pour y parvenir ! <\/p>\n\n\n\n<blockquote class=\"wp-block-quote\"><p><strong><span class=\"has-inline-color has-pale-pink-color\">Vous avez la possibilit\u00e9 de cr\u00e9er votre nouvelle pr\u00e9sence en ce monde et la possibilit\u00e9 aussi de vous faire aider pour y parvenir !<\/span><\/strong><\/p><\/blockquote>\n\n\n\n<p><mark style=\"background-color:rgba(0, 0, 0, 0)\" class=\"has-inline-color has-very-dark-gray-color\">Je vous accompagnerai dans ce renouveau pour vous aider \u00e0 trouver vos solutions et la paix int\u00e9rieure.  <\/mark><\/p>\n\n\n\n<blockquote class=\"wp-block-quote\"><p><mark style=\"background-color:rgba(0, 0, 0, 0)\" class=\"has-inline-color has-pale-pink-color\"><strong>Je vous accueille en tant que psychologue clinicienne et hypnoth\u00e9rapeute dans mon cabinet \u00e0 Montpellier centre. <\/strong><\/mark><\/p><\/blockquote>\n\n\n\n<p><\/p>\n\n\n\n<p><\/p>","protected":false},"excerpt":{"rendered":"<p>Pour pr\u00e9parer au mieux cette ann\u00e9e 2021, Prenez soin de vous ! Laurie-Anne Tout ces changements v\u00e9cus en 2020 vont laisser place \u00e0 un renouveau avec de nouveaux questionnements. Comment<a class=\"autoreadmore\" href=\"https:\/\/espritvoyageurpsychologue.com\/en\/annee-2021\/\" rel=\"nofollow\">Read More<\/a><\/p>","protected":false},"author":1,"featured_media":0,"parent":0,"menu_order":0,"comment_status":"closed","ping_status":"closed","template":"","meta":{"_genesis_hide_title":false,"_genesis_hide_breadcrumbs":false,"_genesis_hide_singular_image":false,"_genesis_custom_body_class":"","_genesis_custom_post_class":"","_genesis_layout":"","_price":"","_stock":"","_tribe_ticket_header":"","_tribe_default_ticket_provider":"","_tribe_ticket_capacity":"0","_ticket_start_date":"","_ticket_end_date":"","_tribe_ticket_show_description":"","_tribe_ticket_show_not_going":false,"_tribe_ticket_use_global_stock":"","_tribe_ticket_global_stock_level":"","_global_stock_mode":"","_global_stock_cap":"","_tribe_rsvp_for_event":"","_tribe_ticket_going_count":"","_tribe_ticket_not_going_count":"","_tribe_tickets_list":[],"_tribe_ticket_has_attendee_info_fields":false,"_EventAllDay":false,"_EventTimezone":"","_EventStartDate":"","_EventEndDate":"","_EventStartDateUTC":"","_EventEndDateUTC":"","_EventShowMap":false,"_EventShowMapLink":false,"_EventURL":"","_EventCost":"","_EventCostDescription":"","_EventCurrencySymbol":"","_EventCurrencyCode":"","_EventCurrencyPosition":"","_EventDateTimeSeparator":"","_EventTimeRangeSeparator":"","_EventOrganizerID":[],"_EventVenueID":0,"_OrganizerEmail":"","_OrganizerPhone":"","_OrganizerWebsite":"","_VenueAddress":"","_VenueCity":"","_VenueCountry":"","_VenueProvince":"","_VenueZip":"","_VenuePhone":"","_VenueURL":"","_VenueStateProvince":"","_VenueLat":"","_VenueLng":""},"yoast_head":"<!-- This site is optimized with the Yoast SEO plugin v19.3 - https:\/\/yoast.com\/wordpress\/plugins\/seo\/ -->\n<title>Ann\u00e9e 2021 - Esprit Voyageur Psychologue<\/title>\n<meta name=\"robots\" content=\"index, follow, max-snippet:-1, max-image-preview:large, max-video-preview:-1\" \/>\n<link rel=\"canonical\" href=\"https:\/\/espritvoyageurpsychologue.com\/en\/annee-2021\/\" \/>\n<meta property=\"og:locale\" content=\"en_US\" \/>\n<meta property=\"og:type\" content=\"article\" \/>\n<meta property=\"og:title\" content=\"Ann\u00e9e 2021 - Esprit Voyageur Psychologue\" \/>\n<meta property=\"og:description\" content=\"Pour pr\u00e9parer au mieux cette ann\u00e9e 2021, Prenez soin de vous ! Laurie-Anne Tout ces changements v\u00e9cus en 2020 vont laisser place \u00e0 un renouveau avec de nouveaux questionnements. CommentRead More\" \/>\n<meta property=\"og:url\" content=\"https:\/\/espritvoyageurpsychologue.com\/en\/annee-2021\/\" \/>\n<meta property=\"og:site_name\" content=\"Esprit Voyageur Psychologue\" \/>\n<meta property=\"article:modified_time\" content=\"2022-07-23T10:44:05+00:00\" \/>\n<meta property=\"og:image\" content=\"http:\/\/espritvoyageurpsychologue.com\/wp-content\/uploads\/2020\/12\/IMG_1608578991765-1024x1024.png\" \/>\n<meta name=\"twitter:card\" content=\"summary_large_image\" \/>\n<meta name=\"twitter:label1\" content=\"Est. reading time\" \/>\n\t<meta name=\"twitter:data1\" content=\"2 minutes\" \/>\n<script type=\"application\/ld+json\" class=\"yoast-schema-graph\">{\"@context\":\"https:\/\/schema.org\",\"@graph\":[{\"@type\":\"Organization\",\"@id\":\"https:\/\/espritvoyageurpsychologue.com\/en\/#organization\",\"name\":\"Esprit Voyageur Psychologue\",\"url\":\"https:\/\/espritvoyageurpsychologue.com\/en\/\",\"sameAs\":[],\"logo\":{\"@type\":\"ImageObject\",\"inLanguage\":\"en-US\",\"@id\":\"https:\/\/espritvoyageurpsychologue.com\/en\/#\/schema\/logo\/image\/\",\"url\":\"https:\/\/espritvoyageurpsychologue.com\/wp-content\/uploads\/2020\/03\/laurie6.png\",\"contentUrl\":\"https:\/\/espritvoyageurpsychologue.com\/wp-content\/uploads\/2020\/03\/laurie6.png\",\"width\":22497,\"height\":2100,\"caption\":\"Esprit Voyageur Psychologue\"},\"image\":{\"@id\":\"https:\/\/espritvoyageurpsychologue.com\/en\/#\/schema\/logo\/image\/\"}},{\"@type\":\"WebSite\",\"@id\":\"https:\/\/espritvoyageurpsychologue.com\/en\/#website\",\"url\":\"https:\/\/espritvoyageurpsychologue.com\/en\/\",\"name\":\"Esprit Voyageur Psychologue\",\"description\":\"Du voyage de l&#039;esprit, au voyage de l&#039;\u00e2me, en qu\u00eate de sens\",\"publisher\":{\"@id\":\"https:\/\/espritvoyageurpsychologue.com\/en\/#organization\"},\"potentialAction\":[{\"@type\":\"SearchAction\",\"target\":{\"@type\":\"EntryPoint\",\"urlTemplate\":\"https:\/\/espritvoyageurpsychologue.com\/en\/?s={search_term_string}\"},\"query-input\":\"required name=search_term_string\"}],\"inLanguage\":\"en-US\"},{\"@type\":\"ImageObject\",\"inLanguage\":\"en-US\",\"@id\":\"https:\/\/espritvoyageurpsychologue.com\/annee-2021\/#primaryimage\",\"url\":\"http:\/\/espritvoyageurpsychologue.com\/wp-content\/uploads\/2020\/12\/IMG_1608578991765-1024x1024.png\",\"contentUrl\":\"http:\/\/espritvoyageurpsychologue.com\/wp-content\/uploads\/2020\/12\/IMG_1608578991765-1024x1024.png\"},{\"@type\":\"WebPage\",\"@id\":\"https:\/\/espritvoyageurpsychologue.com\/annee-2021\/\",\"url\":\"https:\/\/espritvoyageurpsychologue.com\/annee-2021\/\",\"name\":\"Ann\u00e9e 2021 - Esprit Voyageur Psychologue\",\"isPartOf\":{\"@id\":\"https:\/\/espritvoyageurpsychologue.com\/en\/#website\"},\"primaryImageOfPage\":{\"@id\":\"https:\/\/espritvoyageurpsychologue.com\/annee-2021\/#primaryimage\"},\"datePublished\":\"2020-12-22T14:20:00+00:00\",\"dateModified\":\"2022-07-23T10:44:05+00:00\",\"breadcrumb\":{\"@id\":\"https:\/\/espritvoyageurpsychologue.com\/annee-2021\/#breadcrumb\"},\"inLanguage\":\"en-US\",\"potentialAction\":[{\"@type\":\"ReadAction\",\"target\":[\"https:\/\/espritvoyageurpsychologue.com\/annee-2021\/\"]}]},{\"@type\":\"BreadcrumbList\",\"@id\":\"https:\/\/espritvoyageurpsychologue.com\/annee-2021\/#breadcrumb\",\"itemListElement\":[{\"@type\":\"ListItem\",\"position\":1,\"name\":\"Home\",\"item\":\"https:\/\/espritvoyageurpsychologue.com\/en\/\"},{\"@type\":\"ListItem\",\"position\":2,\"name\":\"Ann\u00e9e 2021\"}]}]}<\/script>\n<!-- \/ Yoast SEO plugin. -->","yoast_head_json":{"title":"Ann\u00e9e 2021 - Esprit Voyageur Psychologue","robots":{"index":"index","follow":"follow","max-snippet":"max-snippet:-1","max-image-preview":"max-image-preview:large","max-video-preview":"max-video-preview:-1"},"canonical":"https:\/\/espritvoyageurpsychologue.com\/en\/annee-2021\/","og_locale":"en_US","og_type":"article","og_title":"Ann\u00e9e 2021 - Esprit Voyageur Psychologue","og_description":"Pour pr\u00e9parer au mieux cette ann\u00e9e 2021, Prenez soin de vous ! Laurie-Anne Tout ces changements v\u00e9cus en 2020 vont laisser place \u00e0 un renouveau avec de nouveaux questionnements. CommentRead More","og_url":"https:\/\/espritvoyageurpsychologue.com\/en\/annee-2021\/","og_site_name":"Esprit Voyageur Psychologue","article_modified_time":"2022-07-23T10:44:05+00:00","og_image":[{"url":"http:\/\/espritvoyageurpsychologue.com\/wp-content\/uploads\/2020\/12\/IMG_1608578991765-1024x1024.png"}],"twitter_card":"summary_large_image","twitter_misc":{"Est. reading time":"2 minutes"},"schema":{"@context":"https:\/\/schema.org","@graph":[{"@type":"Organization","@id":"https:\/\/espritvoyageurpsychologue.com\/en\/#organization","name":"Esprit Voyageur Psychologue","url":"https:\/\/espritvoyageurpsychologue.com\/en\/","sameAs":[],"logo":{"@type":"ImageObject","inLanguage":"en-US","@id":"https:\/\/espritvoyageurpsychologue.com\/en\/#\/schema\/logo\/image\/","url":"https:\/\/espritvoyageurpsychologue.com\/wp-content\/uploads\/2020\/03\/laurie6.png","contentUrl":"https:\/\/espritvoyageurpsychologue.com\/wp-content\/uploads\/2020\/03\/laurie6.png","width":22497,"height":2100,"caption":"Esprit Voyageur Psychologue"},"image":{"@id":"https:\/\/espritvoyageurpsychologue.com\/en\/#\/schema\/logo\/image\/"}},{"@type":"WebSite","@id":"https:\/\/espritvoyageurpsychologue.com\/en\/#website","url":"https:\/\/espritvoyageurpsychologue.com\/en\/","name":"Esprit Voyageur Psychologue","description":"Du voyage de l&#039;esprit, au voyage de l&#039;\u00e2me, en qu\u00eate de sens","publisher":{"@id":"https:\/\/espritvoyageurpsychologue.com\/en\/#organization"},"potentialAction":[{"@type":"SearchAction","target":{"@type":"EntryPoint","urlTemplate":"https:\/\/espritvoyageurpsychologue.com\/en\/?s={search_term_string}"},"query-input":"required name=search_term_string"}],"inLanguage":"en-US"},{"@type":"ImageObject","inLanguage":"en-US","@id":"https:\/\/espritvoyageurpsychologue.com\/annee-2021\/#primaryimage","url":"http:\/\/espritvoyageurpsychologue.com\/wp-content\/uploads\/2020\/12\/IMG_1608578991765-1024x1024.png","contentUrl":"http:\/\/espritvoyageurpsychologue.com\/wp-content\/uploads\/2020\/12\/IMG_1608578991765-1024x1024.png"},{"@type":"WebPage","@id":"https:\/\/espritvoyageurpsychologue.com\/annee-2021\/","url":"https:\/\/espritvoyageurpsychologue.com\/annee-2021\/","name":"Ann\u00e9e 2021 - Esprit Voyageur Psychologue","isPartOf":{"@id":"https:\/\/espritvoyageurpsychologue.com\/en\/#website"},"primaryImageOfPage":{"@id":"https:\/\/espritvoyageurpsychologue.com\/annee-2021\/#primaryimage"},"datePublished":"2020-12-22T14:20:00+00:00","dateModified":"2022-07-23T10:44:05+00:00","breadcrumb":{"@id":"https:\/\/espritvoyageurpsychologue.com\/annee-2021\/#breadcrumb"},"inLanguage":"en-US","potentialAction":[{"@type":"ReadAction","target":["https:\/\/espritvoyageurpsychologue.com\/annee-2021\/"]}]},{"@type":"BreadcrumbList","@id":"https:\/\/espritvoyageurpsychologue.com\/annee-2021\/#breadcrumb","itemListElement":[{"@type":"ListItem","position":1,"name":"Home","item":"https:\/\/espritvoyageurpsychologue.com\/en\/"},{"@type":"ListItem","position":2,"name":"Ann\u00e9e 2021"}]}]}},"_links":{"self":[{"href":"https:\/\/espritvoyageurpsychologue.com\/en\/wp-json\/wp\/v2\/pages\/895"}],"collection":[{"href":"https:\/\/espritvoyageurpsychologue.com\/en\/wp-json\/wp\/v2\/pages"}],"about":[{"href":"https:\/\/espritvoyageurpsychologue.com\/en\/wp-json\/wp\/v2\/types\/page"}],"author":[{"embeddable":true,"href":"https:\/\/espritvoyageurpsychologue.com\/en\/wp-json\/wp\/v2\/users\/1"}],"replies":[{"embeddable":true,"href":"https:\/\/espritvoyageurpsychologue.com\/en\/wp-json\/wp\/v2\/comments?post=895"}],"version-history":[{"count":2,"href":"https:\/\/espritvoyageurpsychologue.com\/en\/wp-json\/wp\/v2\/pages\/895\/revisions"}],"predecessor-version":[{"id":927,"href":"https:\/\/espritvoyageurpsychologue.com\/en\/wp-json\/wp\/v2\/pages\/895\/revisions\/927"}],"wp:attachment":[{"href":"https:\/\/espritvoyageurpsychologue.com\/en\/wp-json\/wp\/v2\/media?parent=895"}],"curies":[{"name":"wp","href":"https:\/\/api.w.org\/{rel}","templated":true}]}}